{"id":41,"date":"2022-12-19T02:32:45","date_gmt":"2022-12-19T02:32:45","guid":{"rendered":"https:\/\/gaviaspreview.com\/wp\/modins\/?page_id=41"},"modified":"2026-01-29T10:41:57","modified_gmt":"2026-01-29T10:41:57","slug":"team","status":"publish","type":"page","link":"https:\/\/autodelsur.com\/index.php\/team\/","title":{"rendered":"Nuestro Equipo"},"content":{"rendered":"\t\t<div data-elementor-type=\"wp-page\" data-elementor-id=\"41\" class=\"elementor elementor-41\">\n\t\t\t\t\t\t<section class=\"elementor-section elementor-top-section elementor-element elementor-element-6467490 elementor-section-full_width elementor-section-height-default elementor-section-height-default\" data-id=\"6467490\" data-element_type=\"section\">\n\t\t\t\t\t\t<div class=\"elementor-container elementor-column-gap-default\">\n\t\t\t\t\t<div class=\"elementor-column elementor-col-100 elementor-top-column elementor-element elementor-element-a9ba875\" data-id=\"a9ba875\" data-element_type=\"column\" data-settings=\"{&quot;background_background&quot;:&quot;classic&quot;}\">\n\t\t\t<div class=\"elementor-widget-wrap elementor-element-populated\">\n\t\t\t\t\t\t<div class=\"elementor-element elementor-element-6eebe38 elementor-widget elementor-widget-gva_post_breadcrumb\" data-id=\"6eebe38\" data-element_type=\"widget\" data-widget_type=\"gva_post_breadcrumb.default\">\n\t\t\t\t<div class=\"elementor-widget-container\">\n\t\t\t\t\t<div class=\"gva-element-gva_post_breadcrumb gva-element\">   \r\n<div class=\"post-breadcrumb\">\r\n   <div class=\"custom-breadcrumb \" >\r\n            <div class=\"breadcrumb-main\">\r\n        <div class=\"container\">\r\n          <div class=\"breadcrumb-container-inner align-center\">\r\n            <h2 class=\"heading-title\">Nuestro Equipo<\/h2>          <\/div>  \r\n        <\/div>   \r\n      <\/div>  \r\n   <\/div>\r\n<\/div>      \r\n\r\n<\/div>\t\t\t\t<\/div>\n\t\t\t\t<\/div>\n\t\t\t\t\t<\/div>\n\t\t<\/div>\n\t\t\t\t\t<\/div>\n\t\t<\/section>\n\t\t\t\t<section class=\"elementor-section elementor-top-section elementor-element elementor-element-0595487 elementor-section-boxed elementor-section-height-default elementor-section-height-default\" data-id=\"0595487\" data-element_type=\"section\" data-settings=\"{&quot;background_background&quot;:&quot;classic&quot;}\">\n\t\t\t\t\t\t<div class=\"elementor-container elementor-column-gap-default\">\n\t\t\t\t\t<div class=\"elementor-column elementor-col-50 elementor-top-column elementor-element elementor-element-4a68c55\" data-id=\"4a68c55\" data-element_type=\"column\">\n\t\t\t<div class=\"elementor-widget-wrap elementor-element-populated\">\n\t\t\t\t\t\t<div class=\"elementor-element elementor-element-4f31c2e elementor-widget elementor-widget-gva-heading-block\" data-id=\"4f31c2e\" data-element_type=\"widget\" data-settings=\"{&quot;_animation&quot;:&quot;none&quot;}\" data-widget_type=\"gva-heading-block.default\">\n\t\t\t\t<div class=\"elementor-widget-container\">\n\t\t\t\t\t<div class=\"gva-element-gva-heading-block gva-element\">   <div class=\"align-left style-1 widget gsc-heading box-align-left auto-responsive\">\r\n      <div class=\"content-inner\">\r\n         \r\n                  \r\n         <div class=\"sub-title\"><span class=\"tagline\">Bienvenido a Autom\u00f3viles del Sur<\/span><\/div>  \r\n         \r\n                     <h2 class=\"title\">\r\n               <span>Servicio de compraventa de autom\u00f3viles<\/span>\r\n            <\/h2>\r\n                  \r\n         \r\n         \r\n      <\/div>\r\n   <\/div>\r\n<\/div>\t\t\t\t<\/div>\n\t\t\t\t<\/div>\n\t\t\t\t<div class=\"elementor-element elementor-element-44c4888 elementor-widget elementor-widget-text-editor\" data-id=\"44c4888\" data-element_type=\"widget\" data-widget_type=\"text-editor.default\">\n\t\t\t\t\t\t\t\t\t<div>Comprometidos con la satisfacci\u00f3n de nuestros clientes<\/div>\t\t\t\t\t\t\t\t<\/div>\n\t\t\t\t<div class=\"elementor-element elementor-element-6998eec elementor-widget elementor-widget-text-editor\" data-id=\"6998eec\" data-element_type=\"widget\" data-widget_type=\"text-editor.default\">\n\t\t\t\t\t\t\t\t\t<div>Nuestro amable equipo est\u00e1 aqu\u00ed para ayudarte a encontrar el coche que mejor se adapte a tu presupuesto. Nunca te venderemos nada que no desees y estaremos encantados de que te tomes tu tiempo, hagas una prueba de conducci\u00f3n, y nos preguntes todas las dudas que tengas. As\u00ed que, tanto si buscas un coche deportivo o un coche de carreras, habla con uno de los miembros de nuestro equipo hoy mismo y te guiaremos hacia la compra perfecta.<\/div>\t\t\t\t\t\t\t\t<\/div>\n\t\t\t\t<div class=\"elementor-element elementor-element-affb3d0 elementor-widget elementor-widget-progress\" data-id=\"affb3d0\" data-element_type=\"widget\" data-widget_type=\"progress.default\">\n\t\t\t\t\t\t\t\t<span class=\"elementor-title\" id=\"elementor-progress-bar-affb3d0\">\n\t\t\t\t\u00c9xito\t\t\t<\/span>\n\t\t\n\t\t<div aria-labelledby=\"elementor-progress-bar-affb3d0\" class=\"elementor-progress-wrapper\" role=\"progressbar\" aria-valuemin=\"0\" aria-valuemax=\"100\" aria-valuenow=\"98\" aria-valuetext=\"98% (Web Designer)\">\n\t\t\t<div class=\"elementor-progress-bar\" data-max=\"98\">\n\t\t\t\t<span class=\"elementor-progress-text\">Web Designer<\/span>\n\t\t\t\t\t\t\t\t\t<span class=\"elementor-progress-percentage\">98%<\/span>\n\t\t\t\t\t\t\t<\/div>\n\t\t<\/div>\n\t\t\t\t\t\t<\/div>\n\t\t\t\t\t<\/div>\n\t\t<\/div>\n\t\t\t\t<div class=\"elementor-column elementor-col-50 elementor-top-column elementor-element elementor-element-907cda4\" data-id=\"907cda4\" data-element_type=\"column\">\n\t\t\t<div class=\"elementor-widget-wrap elementor-element-populated\">\n\t\t\t\t\t\t<div class=\"elementor-element elementor-element-0137383 elementor-widget elementor-widget-image\" data-id=\"0137383\" data-element_type=\"widget\" data-widget_type=\"image.default\">\n\t\t\t\t\t\t\t\t\t\t\t\t\t\t\t<img decoding=\"async\" src=\"https:\/\/elements-resized.envatousercontent.com\/envato-dam-assets-production\/EVA\/TRX\/c6\/0d\/e3\/21\/e2\/v1_E10\/E107K1JU.jpg?w=1600&#038;cf_fit=scale-down&#038;q=85&#038;format=auto&#038;s=380f1fb53d13a86f6ac28c37d7738f67b8204df8890d8dbeed0e21db16349f40\" title=\"\" alt=\"\" loading=\"lazy\" \/>\t\t\t\t\t\t\t\t\t\t\t\t\t\t\t<\/div>\n\t\t\t\t\t<\/div>\n\t\t<\/div>\n\t\t\t\t\t<\/div>\n\t\t<\/section>\n\t\t\t\t<\/div>\n\t\t","protected":false},"excerpt":{"rendered":"<p>Nuestro Equipo Bienvenido a Autom\u00f3viles del Sur Servicio de compraventa de autom\u00f3viles Comprometidos con la satisfacci\u00f3n de nuestros clientesNuestro amable equipo est\u00e1 aqu\u00ed para ayudarte a encontrar el coche que [&hellip;]<\/p>\n","protected":false},"author":1,"featured_media":0,"parent":0,"menu_order":0,"comment_status":"closed","ping_status":"closed","template":"","meta":{"_monsterinsights_skip_tracking":false,"_monsterinsights_sitenote_active":false,"_monsterinsights_sitenote_note":"","_monsterinsights_sitenote_category":0,"footnotes":""},"class_list":["post-41","page","type-page","status-publish","hentry"],"yoast_head":"<!-- This site is optimized with the Yoast SEO plugin v26.8 - https:\/\/yoast.com\/product\/yoast-seo-wordpress\/ -->\n<title>Nuestro Equipo - Autos del sur<\/title>\n<meta name=\"robots\" content=\"index, follow, max-snippet:-1, max-image-preview:large, max-video-preview:-1\" \/>\n<link rel=\"canonical\" href=\"https:\/\/autodelsur.com\/index.php\/team\/\" \/>\n<meta property=\"og:locale\" content=\"es_ES\" \/>\n<meta property=\"og:type\" content=\"article\" \/>\n<meta property=\"og:title\" content=\"Nuestro Equipo - Autos del sur\" \/>\n<meta property=\"og:description\" content=\"Nuestro Equipo Bienvenido a Autom\u00f3viles del Sur Servicio de compraventa de autom\u00f3viles Comprometidos con la satisfacci\u00f3n de nuestros clientesNuestro amable equipo est\u00e1 aqu\u00ed para ayudarte a encontrar el coche que [&hellip;]\" \/>\n<meta property=\"og:url\" content=\"https:\/\/autodelsur.com\/index.php\/team\/\" \/>\n<meta property=\"og:site_name\" content=\"Autos del sur\" \/>\n<meta property=\"article:modified_time\" content=\"2026-01-29T10:41:57+00:00\" \/>\n<meta property=\"og:image\" content=\"https:\/\/elements-resized.envatousercontent.com\/envato-dam-assets-production\/EVA\/TRX\/c6\/0d\/e3\/21\/e2\/v1_E10\/E107K1JU.jpg?w=1600&#038;cf_fit=scale-down&#038;q=85&#038;format=auto&#038;s=380f1fb53d13a86f6ac28c37d7738f67b8204df8890d8dbeed0e21db16349f40\" \/>\n<meta name=\"twitter:card\" content=\"summary_large_image\" \/>\n<meta name=\"twitter:label1\" content=\"Tiempo de lectura\" \/>\n\t<meta name=\"twitter:data1\" content=\"1 minuto\" \/>\n<script type=\"application\/ld+json\" class=\"yoast-schema-graph\">{\"@context\":\"https:\/\/schema.org\",\"@graph\":[{\"@type\":\"WebPage\",\"@id\":\"https:\/\/autodelsur.com\/index.php\/team\/\",\"url\":\"https:\/\/autodelsur.com\/index.php\/team\/\",\"name\":\"Nuestro Equipo - Autos del sur\",\"isPartOf\":{\"@id\":\"https:\/\/autodelsur.com\/#website\"},\"primaryImageOfPage\":{\"@id\":\"https:\/\/autodelsur.com\/index.php\/team\/#primaryimage\"},\"image\":{\"@id\":\"https:\/\/autodelsur.com\/index.php\/team\/#primaryimage\"},\"thumbnailUrl\":\"https:\/\/elements-resized.envatousercontent.com\/envato-dam-assets-production\/EVA\/TRX\/c6\/0d\/e3\/21\/e2\/v1_E10\/E107K1JU.jpg?w=1600&#038;cf_fit=scale-down&#038;q=85&#038;format=auto&#038;s=380f1fb53d13a86f6ac28c37d7738f67b8204df8890d8dbeed0e21db16349f40\",\"datePublished\":\"2022-12-19T02:32:45+00:00\",\"dateModified\":\"2026-01-29T10:41:57+00:00\",\"breadcrumb\":{\"@id\":\"https:\/\/autodelsur.com\/index.php\/team\/#breadcrumb\"},\"inLanguage\":\"es\",\"potentialAction\":[{\"@type\":\"ReadAction\",\"target\":[\"https:\/\/autodelsur.com\/index.php\/team\/\"]}]},{\"@type\":\"ImageObject\",\"inLanguage\":\"es\",\"@id\":\"https:\/\/autodelsur.com\/index.php\/team\/#primaryimage\",\"url\":\"https:\/\/elements-resized.envatousercontent.com\/envato-dam-assets-production\/EVA\/TRX\/c6\/0d\/e3\/21\/e2\/v1_E10\/E107K1JU.jpg?w=1600&#038;cf_fit=scale-down&#038;q=85&#038;format=auto&#038;s=380f1fb53d13a86f6ac28c37d7738f67b8204df8890d8dbeed0e21db16349f40\",\"contentUrl\":\"https:\/\/elements-resized.envatousercontent.com\/envato-dam-assets-production\/EVA\/TRX\/c6\/0d\/e3\/21\/e2\/v1_E10\/E107K1JU.jpg?w=1600&#038;cf_fit=scale-down&#038;q=85&#038;format=auto&#038;s=380f1fb53d13a86f6ac28c37d7738f67b8204df8890d8dbeed0e21db16349f40\"},{\"@type\":\"BreadcrumbList\",\"@id\":\"https:\/\/autodelsur.com\/index.php\/team\/#breadcrumb\",\"itemListElement\":[{\"@type\":\"ListItem\",\"position\":1,\"name\":\"Portada\",\"item\":\"https:\/\/autodelsur.com\/\"},{\"@type\":\"ListItem\",\"position\":2,\"name\":\"Nuestro Equipo\"}]},{\"@type\":\"WebSite\",\"@id\":\"https:\/\/autodelsur.com\/#website\",\"url\":\"https:\/\/autodelsur.com\/\",\"name\":\"Autos del sur\",\"description\":\"Concesionario\",\"potentialAction\":[{\"@type\":\"SearchAction\",\"target\":{\"@type\":\"EntryPoint\",\"urlTemplate\":\"https:\/\/autodelsur.com\/?s={search_term_string}\"},\"query-input\":{\"@type\":\"PropertyValueSpecification\",\"valueRequired\":true,\"valueName\":\"search_term_string\"}}],\"inLanguage\":\"es\"}]}<\/script>\n<!-- \/ Yoast SEO plugin. -->","yoast_head_json":{"title":"Nuestro Equipo - Autos del sur","robots":{"index":"index","follow":"follow","max-snippet":"max-snippet:-1","max-image-preview":"max-image-preview:large","max-video-preview":"max-video-preview:-1"},"canonical":"https:\/\/autodelsur.com\/index.php\/team\/","og_locale":"es_ES","og_type":"article","og_title":"Nuestro Equipo - Autos del sur","og_description":"Nuestro Equipo Bienvenido a Autom\u00f3viles del Sur Servicio de compraventa de autom\u00f3viles Comprometidos con la satisfacci\u00f3n de nuestros clientesNuestro amable equipo est\u00e1 aqu\u00ed para ayudarte a encontrar el coche que [&hellip;]","og_url":"https:\/\/autodelsur.com\/index.php\/team\/","og_site_name":"Autos del sur","article_modified_time":"2026-01-29T10:41:57+00:00","og_image":[{"url":"https:\/\/elements-resized.envatousercontent.com\/envato-dam-assets-production\/EVA\/TRX\/c6\/0d\/e3\/21\/e2\/v1_E10\/E107K1JU.jpg?w=1600&#038;cf_fit=scale-down&#038;q=85&#038;format=auto&#038;s=380f1fb53d13a86f6ac28c37d7738f67b8204df8890d8dbeed0e21db16349f40","type":"","width":"","height":""}],"twitter_card":"summary_large_image","twitter_misc":{"Tiempo de lectura":"1 minuto"},"schema":{"@context":"https:\/\/schema.org","@graph":[{"@type":"WebPage","@id":"https:\/\/autodelsur.com\/index.php\/team\/","url":"https:\/\/autodelsur.com\/index.php\/team\/","name":"Nuestro Equipo - Autos del sur","isPartOf":{"@id":"https:\/\/autodelsur.com\/#website"},"primaryImageOfPage":{"@id":"https:\/\/autodelsur.com\/index.php\/team\/#primaryimage"},"image":{"@id":"https:\/\/autodelsur.com\/index.php\/team\/#primaryimage"},"thumbnailUrl":"https:\/\/elements-resized.envatousercontent.com\/envato-dam-assets-production\/EVA\/TRX\/c6\/0d\/e3\/21\/e2\/v1_E10\/E107K1JU.jpg?w=1600&#038;cf_fit=scale-down&#038;q=85&#038;format=auto&#038;s=380f1fb53d13a86f6ac28c37d7738f67b8204df8890d8dbeed0e21db16349f40","datePublished":"2022-12-19T02:32:45+00:00","dateModified":"2026-01-29T10:41:57+00:00","breadcrumb":{"@id":"https:\/\/autodelsur.com\/index.php\/team\/#breadcrumb"},"inLanguage":"es","potentialAction":[{"@type":"ReadAction","target":["https:\/\/autodelsur.com\/index.php\/team\/"]}]},{"@type":"ImageObject","inLanguage":"es","@id":"https:\/\/autodelsur.com\/index.php\/team\/#primaryimage","url":"https:\/\/elements-resized.envatousercontent.com\/envato-dam-assets-production\/EVA\/TRX\/c6\/0d\/e3\/21\/e2\/v1_E10\/E107K1JU.jpg?w=1600&#038;cf_fit=scale-down&#038;q=85&#038;format=auto&#038;s=380f1fb53d13a86f6ac28c37d7738f67b8204df8890d8dbeed0e21db16349f40","contentUrl":"https:\/\/elements-resized.envatousercontent.com\/envato-dam-assets-production\/EVA\/TRX\/c6\/0d\/e3\/21\/e2\/v1_E10\/E107K1JU.jpg?w=1600&#038;cf_fit=scale-down&#038;q=85&#038;format=auto&#038;s=380f1fb53d13a86f6ac28c37d7738f67b8204df8890d8dbeed0e21db16349f40"},{"@type":"BreadcrumbList","@id":"https:\/\/autodelsur.com\/index.php\/team\/#breadcrumb","itemListElement":[{"@type":"ListItem","position":1,"name":"Portada","item":"https:\/\/autodelsur.com\/"},{"@type":"ListItem","position":2,"name":"Nuestro Equipo"}]},{"@type":"WebSite","@id":"https:\/\/autodelsur.com\/#website","url":"https:\/\/autodelsur.com\/","name":"Autos del sur","description":"Concesionario","potentialAction":[{"@type":"SearchAction","target":{"@type":"EntryPoint","urlTemplate":"https:\/\/autodelsur.com\/?s={search_term_string}"},"query-input":{"@type":"PropertyValueSpecification","valueRequired":true,"valueName":"search_term_string"}}],"inLanguage":"es"}]}},"_links":{"self":[{"href":"https:\/\/autodelsur.com\/index.php\/wp-json\/wp\/v2\/pages\/41","targetHints":{"allow":["GET"]}}],"collection":[{"href":"https:\/\/autodelsur.com\/index.php\/wp-json\/wp\/v2\/pages"}],"about":[{"href":"https:\/\/autodelsur.com\/index.php\/wp-json\/wp\/v2\/types\/page"}],"author":[{"embeddable":true,"href":"https:\/\/autodelsur.com\/index.php\/wp-json\/wp\/v2\/users\/1"}],"replies":[{"embeddable":true,"href":"https:\/\/autodelsur.com\/index.php\/wp-json\/wp\/v2\/comments?post=41"}],"version-history":[{"count":4,"href":"https:\/\/autodelsur.com\/index.php\/wp-json\/wp\/v2\/pages\/41\/revisions"}],"predecessor-version":[{"id":426,"href":"https:\/\/autodelsur.com\/index.php\/wp-json\/wp\/v2\/pages\/41\/revisions\/426"}],"wp:attachment":[{"href":"https:\/\/autodelsur.com\/index.php\/wp-json\/wp\/v2\/media?parent=41"}],"curies":[{"name":"wp","href":"https:\/\/api.w.org\/{rel}","templated":true}]}}